{"id":791,"date":"2025-01-23T12:21:21","date_gmt":"2025-01-23T11:21:21","guid":{"rendered":"https:\/\/casaverdehotel.lambdamedia.it\/?page_id=791"},"modified":"2025-01-23T12:33:40","modified_gmt":"2025-01-23T11:33:40","slug":"terminos-y-condiciones","status":"publish","type":"page","link":"https:\/\/casaverdesantamarta.com\/en\/terminos-y-condiciones\/","title":{"rendered":"Terminos y Condiciones"},"content":{"rendered":"<div data-elementor-type=\"wp-post\" data-elementor-id=\"791\" class=\"elementor elementor-791\" data-elementor-post-type=\"page\">\n\t\t\t\t<div class=\"elementor-element elementor-element-e1c2c46 e-flex e-con-boxed wpr-particle-no wpr-jarallax-no wpr-parallax-no wpr-sticky-section-no e-con e-parent\" data-id=\"e1c2c46\" data-element_type=\"container\" data-e-type=\"container\">\n\t\t\t\t\t<div class=\"e-con-inner\">\n\t\t\t\t\t<\/div>\n\t\t\t\t<\/div>\n\t\t<div class=\"elementor-element elementor-element-c5ca271 e-flex e-con-boxed wpr-particle-no wpr-jarallax-no wpr-parallax-no wpr-sticky-section-no e-con e-parent\" data-id=\"c5ca271\" data-element_type=\"container\" data-e-type=\"container\">\n\t\t\t\t\t<div class=\"e-con-inner\">\n\t\t\t\t<div class=\"elementor-element elementor-element-f2d3561 elementor-widget elementor-widget-spacer\" data-id=\"f2d3561\" data-element_type=\"widget\" data-e-type=\"widget\" data-widget_type=\"spacer.default\">\n\t\t\t\t<div class=\"elementor-widget-container\">\n\t\t\t\t\t\t\t<div class=\"elementor-spacer\">\n\t\t\t<div class=\"elementor-spacer-inner\"><\/div>\n\t\t<\/div>\n\t\t\t\t\t\t<\/div>\n\t\t\t\t<\/div>\n\t\t\t\t\t<\/div>\n\t\t\t\t<\/div>\n\t\t<div class=\"elementor-element elementor-element-ef6d46b e-flex e-con-boxed wpr-particle-no wpr-jarallax-no wpr-parallax-no wpr-sticky-section-no e-con e-parent\" data-id=\"ef6d46b\" data-element_type=\"container\" data-e-type=\"container\">\n\t\t\t\t\t<div class=\"e-con-inner\">\n\t\t\t\t<div class=\"elementor-element elementor-element-a25d2c2 elementor-widget elementor-widget-heading\" data-id=\"a25d2c2\" data-element_type=\"widget\" data-e-type=\"widget\" data-widget_type=\"heading.default\">\n\t\t\t\t<div class=\"elementor-widget-container\">\n\t\t\t\t\t<h2 class=\"elementor-heading-title elementor-size-default\">T\u00e9rminos y condiciones<\/h2>\t\t\t\t<\/div>\n\t\t\t\t<\/div>\n\t\t\t\t<div class=\"elementor-element elementor-element-e8b532f elementor-widget-divider--view-line elementor-widget elementor-widget-divider\" data-id=\"e8b532f\" data-element_type=\"widget\" data-e-type=\"widget\" data-widget_type=\"divider.default\">\n\t\t\t\t<div class=\"elementor-widget-container\">\n\t\t\t\t\t\t\t<div class=\"elementor-divider\">\n\t\t\t<span class=\"elementor-divider-separator\">\n\t\t\t\t\t\t<\/span>\n\t\t<\/div>\n\t\t\t\t\t\t<\/div>\n\t\t\t\t<\/div>\n\t\t\t\t<div class=\"elementor-element elementor-element-f86d577 elementor-widget elementor-widget-text-editor\" data-id=\"f86d577\" data-element_type=\"widget\" data-e-type=\"widget\" data-widget_type=\"text-editor.default\">\n\t\t\t\t<div class=\"elementor-widget-container\">\n\t\t\t\t\t\t\t\t\t<p>La p\u00e1gina relativa al resumen de todos los T\u00e9rminos y condiciones de nuestro Hotel<\/p>\t\t\t\t\t\t\t\t<\/div>\n\t\t\t\t<\/div>\n\t\t\t\t\t<\/div>\n\t\t\t\t<\/div>\n\t\t<div class=\"elementor-element elementor-element-525993d e-flex e-con-boxed wpr-particle-no wpr-jarallax-no wpr-parallax-no wpr-sticky-section-no e-con e-parent\" data-id=\"525993d\" data-element_type=\"container\" data-e-type=\"container\">\n\t\t\t\t\t<div class=\"e-con-inner\">\n\t\t\t\t<div class=\"elementor-element elementor-element-29550e5 elementor-widget elementor-widget-spacer\" data-id=\"29550e5\" data-element_type=\"widget\" data-e-type=\"widget\" data-widget_type=\"spacer.default\">\n\t\t\t\t<div class=\"elementor-widget-container\">\n\t\t\t\t\t\t\t<div class=\"elementor-spacer\">\n\t\t\t<div class=\"elementor-spacer-inner\"><\/div>\n\t\t<\/div>\n\t\t\t\t\t\t<\/div>\n\t\t\t\t<\/div>\n\t\t\t\t\t<\/div>\n\t\t\t\t<\/div>\n\t\t<div class=\"elementor-element elementor-element-0494181 e-con-full e-flex wpr-particle-no wpr-jarallax-no wpr-parallax-no wpr-sticky-section-no e-con e-parent\" data-id=\"0494181\" data-element_type=\"container\" data-e-type=\"container\">\n\t\t\t\t<div class=\"elementor-element elementor-element-1d713b3 elementor-widget elementor-widget-heading\" data-id=\"1d713b3\" data-element_type=\"widget\" data-e-type=\"widget\" data-widget_type=\"heading.default\">\n\t\t\t\t<div class=\"elementor-widget-container\">\n\t\t\t\t\t<h2 class=\"elementor-heading-title elementor-size-default\">Pol\u00edticas de llegada y salida<\/h2>\t\t\t\t<\/div>\n\t\t\t\t<\/div>\n\t\t\t\t<div class=\"elementor-element elementor-element-ab636a5 elementor-widget elementor-widget-text-editor\" data-id=\"ab636a5\" data-element_type=\"widget\" data-e-type=\"widget\" data-widget_type=\"text-editor.default\">\n\t\t\t\t<div class=\"elementor-widget-container\">\n\t\t\t\t\t\t\t\t\t<p class=\"checkin\">Esta propiedad tiene los siguientes horarios y pol\u00edticas de llegada y salida:<br \/><strong>Llegada:<\/strong> a partir desde horas 15:00<br \/><strong>Salida:<\/strong> desde horas 11:00<\/p>\t\t\t\t\t\t\t\t<\/div>\n\t\t\t\t<\/div>\n\t\t\t\t<div class=\"elementor-element elementor-element-99790a4 elementor-widget elementor-widget-heading\" data-id=\"99790a4\" data-element_type=\"widget\" data-e-type=\"widget\" data-widget_type=\"heading.default\">\n\t\t\t\t<div class=\"elementor-widget-container\">\n\t\t\t\t\t<h2 class=\"elementor-heading-title elementor-size-default\">Pol\u00edticas de la propiedad y de cancelaci\u00f3n:<\/h2>\t\t\t\t<\/div>\n\t\t\t\t<\/div>\n\t\t\t\t<div class=\"elementor-element elementor-element-1ec058d elementor-widget elementor-widget-text-editor\" data-id=\"1ec058d\" data-element_type=\"widget\" data-e-type=\"widget\" data-widget_type=\"text-editor.default\">\n\t\t\t\t<div class=\"elementor-widget-container\">\n\t\t\t\t\t\t\t\t\t<p>Reservas canceladas7 d\u00edas antes de la llegada de los hu\u00e9spedes se cobrar\u00e1 una penalidad de unanoche de alojamiento.<br \/>Reservas canceladas antesde los 8 d\u00edas no habr\u00e1 penalizaci\u00f3n.<\/p>\t\t\t\t\t\t\t\t<\/div>\n\t\t\t\t<\/div>\n\t\t\t\t<div class=\"elementor-element elementor-element-c8bb615 elementor-widget elementor-widget-heading\" data-id=\"c8bb615\" data-element_type=\"widget\" data-e-type=\"widget\" data-widget_type=\"heading.default\">\n\t\t\t\t<div class=\"elementor-widget-container\">\n\t\t\t\t\t<h2 class=\"elementor-heading-title elementor-size-default\">T\u00e9rminos y condiciones:<\/h2>\t\t\t\t<\/div>\n\t\t\t\t<\/div>\n\t\t\t\t<div class=\"elementor-element elementor-element-4173063 elementor-widget elementor-widget-text-editor\" data-id=\"4173063\" data-element_type=\"widget\" data-e-type=\"widget\" data-widget_type=\"text-editor.default\">\n\t\t\t\t<div class=\"elementor-widget-container\">\n\t\t\t\t\t\t\t\t\t<p>Nuestras tarifas sonde un paquete de alojamiento que incluye habitaci\u00f3n, desayuno y todos losservicios del hotel Casa Verde<br \/>Todo hu\u00e9sped debe registrase<br \/>Hora de llegada desde las 3 pm, Hora de salida es a las 11 am<br \/>El hotel Casa Verde se compromete a no difundir su informaci\u00f3n personal.\u00a0<br \/>No se aceptan visitas despu\u00e9s de las 9 pm<br \/>No se aceptan mascotas<br \/>No introducir comidas ni bebidas en el establecimiento.<br \/><br \/><strong>POL\u00cdTICAS DE CANCELACI\u00d3N<\/strong>:<br \/>Reservas canceladas7 d\u00edas antes de la llegada de los hu\u00e9spedes se cobrar\u00e1 una penalidad de unanoche de alojamiento.<br \/>Reservas canceladas antesde los 7 d\u00edas no habr\u00e1 penalizaci\u00f3n.<br \/><br \/><strong>POL\u00cdTICAS PARA NI\u00d1OS:<\/strong> <br \/>Los ni\u00f1os debenestar acompa\u00f1ados de los adultos responsables todo el tiempo.<br \/>Ni\u00f1os menores de 10a\u00f1os no pagan<br \/>Ni\u00f1os mayores de 11 a\u00f1os cuentan como adultos.<br \/><br \/><strong>USO DE NUESTA PEQUE\u00d1A PISCINA:\u00a0<\/strong><br \/>El uso de la piscina est\u00e1 permitido desde las 8:00 AM hasta las 9:00 PM.<br \/>Profundidad de la piscina 140 cm.<\/p>\t\t\t\t\t\t\t\t<\/div>\n\t\t\t\t<\/div>\n\t\t\t\t<\/div>\n\t\t<div class=\"elementor-element elementor-element-ea99b97 e-flex e-con-boxed wpr-particle-no wpr-jarallax-no wpr-parallax-no wpr-sticky-section-no e-con e-parent\" data-id=\"ea99b97\" data-element_type=\"container\" data-e-type=\"container\">\n\t\t\t\t\t<div class=\"e-con-inner\">\n\t\t\t\t<div class=\"elementor-element elementor-element-8a0757c elementor-widget elementor-widget-spacer\" data-id=\"8a0757c\" data-element_type=\"widget\" data-e-type=\"widget\" data-widget_type=\"spacer.default\">\n\t\t\t\t<div class=\"elementor-widget-container\">\n\t\t\t\t\t\t\t<div class=\"elementor-spacer\">\n\t\t\t<div class=\"elementor-spacer-inner\"><\/div>\n\t\t<\/div>\n\t\t\t\t\t\t<\/div>\n\t\t\t\t<\/div>\n\t\t\t\t\t<\/div>\n\t\t\t\t<\/div>\n\t\t\t\t<\/div>","protected":false},"excerpt":{"rendered":"<p>T\u00e9rminos y condiciones La p\u00e1gina relativa al resumen de todos los T\u00e9rminos y condiciones de nuestro Hotel Pol\u00edticas de llegada y salida Esta propiedad tiene los siguientes horarios y pol\u00edticas de llegada y salida:Llegada: a partir desde horas 15:00Salida: desde horas 11:00 Pol\u00edticas de la propiedad y de cancelaci\u00f3n: Reservas canceladas7 d\u00edas antes de la llegada de los hu\u00e9spedes se cobrar\u00e1 una penalidad de unanoche de alojamiento.Reservas canceladas antesde los 8 d\u00edas no habr\u00e1 penalizaci\u00f3n. T\u00e9rminos y condiciones: Nuestras tarifas sonde un paquete de alojamiento que incluye habitaci\u00f3n, desayuno y todos losservicios del hotel Casa VerdeTodo hu\u00e9sped debe registraseHora de llegada desde las 3 pm, Hora de salida es a las 11 amEl hotel Casa Verde se compromete a no difundir su informaci\u00f3n personal.\u00a0No se aceptan visitas despu\u00e9s de las 9 pmNo se aceptan mascotasNo introducir comidas ni bebidas en el establecimiento. POL\u00cdTICAS DE CANCELACI\u00d3N:Reservas canceladas7 d\u00edas antes de la llegada de los hu\u00e9spedes se cobrar\u00e1 una penalidad de unanoche de alojamiento.Reservas canceladas antesde los 7 d\u00edas no habr\u00e1 penalizaci\u00f3n. POL\u00cdTICAS PARA NI\u00d1OS: Los ni\u00f1os debenestar acompa\u00f1ados de los adultos responsables todo el tiempo.Ni\u00f1os menores de 10a\u00f1os no paganNi\u00f1os mayores de 11 a\u00f1os cuentan como adultos. USO DE NUESTA PEQUE\u00d1A PISCINA:\u00a0El uso de la piscina est\u00e1 permitido desde las 8:00 AM hasta las 9:00 PM.Profundidad de la piscina 140 cm.<\/p>","protected":false},"author":1,"featured_media":0,"parent":0,"menu_order":0,"comment_status":"closed","ping_status":"closed","template":"","meta":{"footnotes":""},"class_list":["post-791","page","type-page","status-publish","hentry"],"_links":{"self":[{"href":"https:\/\/casaverdesantamarta.com\/en\/wp-json\/wp\/v2\/pages\/791","targetHints":{"allow":["GET"]}}],"collection":[{"href":"https:\/\/casaverdesantamarta.com\/en\/wp-json\/wp\/v2\/pages"}],"about":[{"href":"https:\/\/casaverdesantamarta.com\/en\/wp-json\/wp\/v2\/types\/page"}],"author":[{"embeddable":true,"href":"https:\/\/casaverdesantamarta.com\/en\/wp-json\/wp\/v2\/users\/1"}],"replies":[{"embeddable":true,"href":"https:\/\/casaverdesantamarta.com\/en\/wp-json\/wp\/v2\/comments?post=791"}],"version-history":[{"count":7,"href":"https:\/\/casaverdesantamarta.com\/en\/wp-json\/wp\/v2\/pages\/791\/revisions"}],"predecessor-version":[{"id":798,"href":"https:\/\/casaverdesantamarta.com\/en\/wp-json\/wp\/v2\/pages\/791\/revisions\/798"}],"wp:attachment":[{"href":"https:\/\/casaverdesantamarta.com\/en\/wp-json\/wp\/v2\/media?parent=791"}],"curies":[{"name":"wp","href":"https:\/\/api.w.org\/{rel}","templated":true}]}}