{"id":1151,"date":"2025-03-17T19:46:34","date_gmt":"2025-03-17T18:46:34","guid":{"rendered":"https:\/\/casaverdehotel.lambdamedia.it\/?page_id=1151"},"modified":"2025-04-24T08:19:10","modified_gmt":"2025-04-24T06:19:10","slug":"blog","status":"publish","type":"page","link":"https:\/\/casaverdesantamarta.com\/en\/blog\/","title":{"rendered":"Blog"},"content":{"rendered":"\t\t<div data-elementor-type=\"wp-post\" data-elementor-id=\"1151\" class=\"elementor elementor-1151\" data-elementor-post-type=\"page\">\n\t\t\t\t<div class=\"elementor-element elementor-element-7ddc232 e-flex e-con-boxed wpr-particle-no wpr-jarallax-no wpr-parallax-no wpr-sticky-section-no e-con e-parent\" data-id=\"7ddc232\" data-element_type=\"container\" data-e-type=\"container\" data-settings=\"{&quot;background_background&quot;:&quot;classic&quot;}\">\n\t\t\t\t\t<div class=\"e-con-inner\">\n\t\t\t\t<div class=\"elementor-element elementor-element-85bb8f8 elementor-widget elementor-widget-heading\" data-id=\"85bb8f8\" data-element_type=\"widget\" data-e-type=\"widget\" data-widget_type=\"heading.default\">\n\t\t\t\t<div class=\"elementor-widget-container\">\n\t\t\t\t\t<h2 class=\"elementor-heading-title elementor-size-default\">Blog<\/h2>\t\t\t\t<\/div>\n\t\t\t\t<\/div>\n\t\t\t\t<div class=\"elementor-element elementor-element-61e2c4d elementor-widget-divider--view-line elementor-widget elementor-widget-divider\" data-id=\"61e2c4d\" data-element_type=\"widget\" data-e-type=\"widget\" data-widget_type=\"divider.default\">\n\t\t\t\t<div class=\"elementor-widget-container\">\n\t\t\t\t\t\t\t<div class=\"elementor-divider\">\n\t\t\t<span class=\"elementor-divider-separator\">\n\t\t\t\t\t\t<\/span>\n\t\t<\/div>\n\t\t\t\t\t\t<\/div>\n\t\t\t\t<\/div>\n\t\t\t\t<div class=\"elementor-element elementor-element-9b16348 elementor-widget elementor-widget-text-editor\" data-id=\"9b16348\" data-element_type=\"widget\" data-e-type=\"widget\" data-widget_type=\"text-editor.default\">\n\t\t\t\t<div class=\"elementor-widget-container\">\n\t\t\t\t\t\t\t\t\tNoticias, informaci\u00f3n y curiosidades de nuestro territorio\t\t\t\t\t\t\t\t<\/div>\n\t\t\t\t<\/div>\n\t\t\t\t\t<\/div>\n\t\t\t\t<\/div>\n\t\t<div class=\"elementor-element elementor-element-e1c2c46 elementor-hidden-desktop elementor-hidden-tablet elementor-hidden-mobile e-flex e-con-boxed wpr-particle-no wpr-jarallax-no wpr-parallax-no wpr-sticky-section-no e-con e-parent\" data-id=\"e1c2c46\" data-element_type=\"container\" data-e-type=\"container\">\n\t\t\t\t\t<div class=\"e-con-inner\">\n\t\t\t\t\t<\/div>\n\t\t\t\t<\/div>\n\t\t<div class=\"elementor-element elementor-element-45f1f57 elementor-hidden-tablet elementor-hidden-mobile e-flex e-con-boxed wpr-particle-no wpr-jarallax-no wpr-parallax-no wpr-sticky-section-no e-con e-parent\" data-id=\"45f1f57\" data-element_type=\"container\" data-e-type=\"container\">\n\t\t\t\t\t<div class=\"e-con-inner\">\n\t\t\t\t<div class=\"elementor-element elementor-element-6fafbd8 elementor-widget elementor-widget-spacer\" data-id=\"6fafbd8\" data-element_type=\"widget\" data-e-type=\"widget\" data-widget_type=\"spacer.default\">\n\t\t\t\t<div class=\"elementor-widget-container\">\n\t\t\t\t\t\t\t<div class=\"elementor-spacer\">\n\t\t\t<div class=\"elementor-spacer-inner\"><\/div>\n\t\t<\/div>\n\t\t\t\t\t\t<\/div>\n\t\t\t\t<\/div>\n\t\t\t\t\t<\/div>\n\t\t\t\t<\/div>\n\t\t<div class=\"elementor-element elementor-element-5ad749c e-con-full e-flex wpr-particle-no wpr-jarallax-no wpr-parallax-no wpr-sticky-section-no e-con e-parent\" data-id=\"5ad749c\" data-element_type=\"container\" data-e-type=\"container\">\n\t\t\t\t<div class=\"elementor-element elementor-element-4e88467 wpr-grid-columns-3 wpr-grid-columns--tablet2 wpr-grid-columns--mobile1 wpr-item-styles-inner elementor-widget elementor-widget-wpr-grid\" data-id=\"4e88467\" data-element_type=\"widget\" data-e-type=\"widget\" data-widget_type=\"wpr-grid.default\">\n\t\t\t\t<div class=\"elementor-widget-container\">\n\t\t\t\t\t<ul class=\"wpr-grid-filters elementor-clearfix wpr-grid-filters-sep-right\"><li class=\" wpr-pointer-none wpr-pointer-line-fx wpr-pointer-fx-none\"><span  data-filter=\"*\" class=\"wpr-grid-filters-item wpr-active-filter \">All Posts<\/span><em class=\"wpr-grid-filters-sep\"><\/em><\/li><li class=\" wpr-pointer-none wpr-pointer-line-fx wpr-pointer-fx-none\"><span   data-ajax-filter=[\"category\",\"blog\"]  data-filter=\".category-blog\">Blog<\/span><em class=\"wpr-grid-filters-sep\"><\/em><\/li><\/ul><section class=\"wpr-grid elementor-clearfix\" data-settings=\"{&quot;layout&quot;:&quot;fitRows&quot;,&quot;stick_last_element_to_bottom&quot;:&quot;&quot;,&quot;columns_desktop&quot;:3,&quot;gutter_hr&quot;:30,&quot;gutter_hr_mobile&quot;:30,&quot;gutter_hr_mobile_extra&quot;:30,&quot;gutter_hr_tablet&quot;:30,&quot;gutter_hr_tablet_extra&quot;:30,&quot;gutter_hr_laptop&quot;:30,&quot;gutter_hr_widescreen&quot;:30,&quot;gutter_vr&quot;:100,&quot;gutter_vr_mobile&quot;:100,&quot;gutter_vr_mobile_extra&quot;:100,&quot;gutter_vr_tablet&quot;:100,&quot;gutter_vr_tablet_extra&quot;:100,&quot;gutter_vr_laptop&quot;:100,&quot;gutter_vr_widescreen&quot;:100,&quot;animation&quot;:&quot;default&quot;,&quot;animation_duration&quot;:0.3,&quot;animation_delay&quot;:0.1,&quot;deeplinking&quot;:&quot;&quot;,&quot;filters_linkable&quot;:&quot;no&quot;,&quot;filters_default_filter&quot;:&quot;&quot;,&quot;filters_count&quot;:&quot;&quot;,&quot;filters_hide_empty&quot;:&quot;no&quot;,&quot;filters_animation&quot;:&quot;default&quot;,&quot;filters_animation_duration&quot;:0.3,&quot;filters_animation_delay&quot;:0.1,&quot;pagination_type&quot;:&quot;load-more&quot;,&quot;pagination_max_pages&quot;:1,&quot;lightbox&quot;:{&quot;selector&quot;:&quot;.wpr-grid-image-wrap&quot;,&quot;iframeMaxWidth&quot;:&quot;60%&quot;,&quot;hash&quot;:false,&quot;autoplay&quot;:&quot;true&quot;,&quot;pause&quot;:5000,&quot;progressBar&quot;:&quot;true&quot;,&quot;counter&quot;:&quot;true&quot;,&quot;controls&quot;:&quot;true&quot;,&quot;getCaptionFromTitleOrAlt&quot;:&quot;true&quot;,&quot;thumbnail&quot;:&quot;&quot;,&quot;showThumbByDefault&quot;:&quot;&quot;,&quot;share&quot;:&quot;&quot;,&quot;zoom&quot;:&quot;true&quot;,&quot;fullScreen&quot;:&quot;true&quot;,&quot;download&quot;:&quot;true&quot;}}\" data-advanced-filters=\"no\"><article class=\"wpr-grid-item elementor-clearfix post-1145 post type-post status-publish format-standard has-post-thumbnail hentry category-blog tag-hotel-casa-verde tag-playa tag-santa-marta tag-vacaciones\"><div class=\"wpr-grid-item-inner\"><div class=\"wpr-grid-media-wrap wpr-effect-size-large \" data-overlay-link=\"yes\"><div class=\"wpr-grid-image-wrap\" data-src=\"https:\/\/casaverdesantamarta.com\/wp-content\/uploads\/2025\/03\/Casa-verde-hotel-santa-marta.jpg\" data-img-on-hover=\"\"  data-src-secondary=\"\"><img decoding=\"async\" data-no-lazy=\"1\" src=\"https:\/\/casaverdesantamarta.com\/wp-content\/uploads\/2025\/03\/Casa-verde-hotel-santa-marta.jpg\" alt=\"Hotel boutique casa verde\" class=\"wpr-anim-timing-ease-default\"><\/div><div class=\"wpr-grid-media-hover wpr-animation-wrap\"><div class=\"wpr-grid-media-hover-bg  wpr-overlay-fade-in wpr-anim-size-large wpr-anim-timing-ease-default wpr-anim-transparency\" data-url=\"https:\/\/casaverdesantamarta.com\/en\/2025\/03\/17\/hotel-boutique-casa-verde\/\"><\/div><\/div><\/div><div class=\"wpr-grid-item-below-content elementor-clearfix\"><h2 class=\"wpr-grid-item-title elementor-repeater-item-53f5c5b wpr-grid-item-display-block wpr-grid-item-align-left wpr-pointer-none wpr-pointer-line-fx wpr-pointer-fx-fade\"><div class=\"inner-block\"><a target=\"_self\"  href=\"https:\/\/casaverdesantamarta.com\/en\/2025\/03\/17\/hotel-boutique-casa-verde\/\">Hotel boutique casa verde<\/a><\/div><\/h2><div class=\"wpr-grid-item-read-more elementor-repeater-item-357342b wpr-grid-item-display-block wpr-grid-item-align-left\"><div class=\"inner-block\"><a target=\"_self\" href=\"https:\/\/casaverdesantamarta.com\/en\/2025\/03\/17\/hotel-boutique-casa-verde\/\" class=\"wpr-button-effect wpr-button-none\"><span>LEER M\u00c1S<\/span><\/a><\/div><\/div><\/div><\/div><\/article><article class=\"wpr-grid-item elementor-clearfix post-1141 post type-post status-publish format-standard has-post-thumbnail hentry category-blog tag-hotel-casa-verde tag-playa tag-santa-marta tag-vacaciones\"><div class=\"wpr-grid-item-inner\"><div class=\"wpr-grid-media-wrap wpr-effect-size-large \" data-overlay-link=\"yes\"><div class=\"wpr-grid-image-wrap\" data-src=\"https:\/\/casaverdesantamarta.com\/wp-content\/uploads\/2025\/03\/Gabriel-garcia-marquez.jpg\" data-img-on-hover=\"\"  data-src-secondary=\"\"><img decoding=\"async\" data-no-lazy=\"1\" src=\"https:\/\/casaverdesantamarta.com\/wp-content\/uploads\/2025\/03\/Gabriel-garcia-marquez.jpg\" alt=\"Orgullo colombiano\" class=\"wpr-anim-timing-ease-default\"><\/div><div class=\"wpr-grid-media-hover wpr-animation-wrap\"><div class=\"wpr-grid-media-hover-bg  wpr-overlay-fade-in wpr-anim-size-large wpr-anim-timing-ease-default wpr-anim-transparency\" data-url=\"https:\/\/casaverdesantamarta.com\/en\/2025\/03\/17\/orgullo-colombian\/\"><\/div><\/div><\/div><div class=\"wpr-grid-item-below-content elementor-clearfix\"><h2 class=\"wpr-grid-item-title elementor-repeater-item-53f5c5b wpr-grid-item-display-block wpr-grid-item-align-left wpr-pointer-none wpr-pointer-line-fx wpr-pointer-fx-fade\"><div class=\"inner-block\"><a target=\"_self\"  href=\"https:\/\/casaverdesantamarta.com\/en\/2025\/03\/17\/orgullo-colombian\/\">Orgullo colombiano<\/a><\/div><\/h2><div class=\"wpr-grid-item-read-more elementor-repeater-item-357342b wpr-grid-item-display-block wpr-grid-item-align-left\"><div class=\"inner-block\"><a target=\"_self\" href=\"https:\/\/casaverdesantamarta.com\/en\/2025\/03\/17\/orgullo-colombian\/\" class=\"wpr-button-effect wpr-button-none\"><span>LEER M\u00c1S<\/span><\/a><\/div><\/div><\/div><\/div><\/article><article class=\"wpr-grid-item elementor-clearfix post-1137 post type-post status-publish format-standard has-post-thumbnail hentry category-blog tag-hotel-casa-verde tag-playa tag-santa-marta tag-vacaciones\"><div class=\"wpr-grid-item-inner\"><div class=\"wpr-grid-media-wrap wpr-effect-size-large \" data-overlay-link=\"yes\"><div class=\"wpr-grid-image-wrap\" data-src=\"https:\/\/casaverdesantamarta.com\/wp-content\/uploads\/2025\/03\/Catedral-Santa-Marta.jpg\" data-img-on-hover=\"\"  data-src-secondary=\"\"><img decoding=\"async\" data-no-lazy=\"1\" src=\"https:\/\/casaverdesantamarta.com\/wp-content\/uploads\/2025\/03\/Catedral-Santa-Marta.jpg\" alt=\"Lugares imperdibles del centro historico\" class=\"wpr-anim-timing-ease-default\"><\/div><div class=\"wpr-grid-media-hover wpr-animation-wrap\"><div class=\"wpr-grid-media-hover-bg  wpr-overlay-fade-in wpr-anim-size-large wpr-anim-timing-ease-default wpr-anim-transparency\" data-url=\"https:\/\/casaverdesantamarta.com\/en\/2025\/03\/17\/colombia-el-pais-de-los-1000-ritmos-lugares-imperdibles-del-centro-historico-de-santa-martacolombia-el-pais-de-los-1000-ritmos\/\"><\/div><\/div><\/div><div class=\"wpr-grid-item-below-content elementor-clearfix\"><h2 class=\"wpr-grid-item-title elementor-repeater-item-53f5c5b wpr-grid-item-display-block wpr-grid-item-align-left wpr-pointer-none wpr-pointer-line-fx wpr-pointer-fx-fade\"><div class=\"inner-block\"><a target=\"_self\"  href=\"https:\/\/casaverdesantamarta.com\/en\/2025\/03\/17\/colombia-el-pais-de-los-1000-ritmos-lugares-imperdibles-del-centro-historico-de-santa-martacolombia-el-pais-de-los-1000-ritmos\/\">Lugares imperdibles del centro historico<\/a><\/div><\/h2><div class=\"wpr-grid-item-read-more elementor-repeater-item-357342b wpr-grid-item-display-block wpr-grid-item-align-left\"><div class=\"inner-block\"><a target=\"_self\" href=\"https:\/\/casaverdesantamarta.com\/en\/2025\/03\/17\/colombia-el-pais-de-los-1000-ritmos-lugares-imperdibles-del-centro-historico-de-santa-martacolombia-el-pais-de-los-1000-ritmos\/\" class=\"wpr-button-effect wpr-button-none\"><span>LEER M\u00c1S<\/span><\/a><\/div><\/div><\/div><\/div><\/article><article class=\"wpr-grid-item elementor-clearfix post-1134 post type-post status-publish format-standard has-post-thumbnail hentry category-blog tag-hotel-casa-verde tag-playa tag-santa-marta tag-vacaciones\"><div class=\"wpr-grid-item-inner\"><div class=\"wpr-grid-media-wrap wpr-effect-size-large \" data-overlay-link=\"yes\"><div class=\"wpr-grid-image-wrap\" data-src=\"https:\/\/casaverdesantamarta.com\/wp-content\/uploads\/2025\/03\/Carneval-de-barranquilla.jpg\" data-img-on-hover=\"\"  data-src-secondary=\"\"><img decoding=\"async\" data-no-lazy=\"1\" src=\"https:\/\/casaverdesantamarta.com\/wp-content\/uploads\/2025\/03\/Carneval-de-barranquilla.jpg\" alt=\"Colombia el pa\u00eds de los 1000 ritmos\u00a0\u00a0\" class=\"wpr-anim-timing-ease-default\"><\/div><div class=\"wpr-grid-media-hover wpr-animation-wrap\"><div class=\"wpr-grid-media-hover-bg  wpr-overlay-fade-in wpr-anim-size-large wpr-anim-timing-ease-default wpr-anim-transparency\" data-url=\"https:\/\/casaverdesantamarta.com\/en\/2025\/03\/17\/colombia-el-pais-de-los-1000-ritmos\/\"><\/div><\/div><\/div><div class=\"wpr-grid-item-below-content elementor-clearfix\"><h2 class=\"wpr-grid-item-title elementor-repeater-item-53f5c5b wpr-grid-item-display-block wpr-grid-item-align-left wpr-pointer-none wpr-pointer-line-fx wpr-pointer-fx-fade\"><div class=\"inner-block\"><a target=\"_self\"  href=\"https:\/\/casaverdesantamarta.com\/en\/2025\/03\/17\/colombia-el-pais-de-los-1000-ritmos\/\">Colombia el pa\u00eds de los 1000 ritmos\u00a0\u00a0<\/a><\/div><\/h2><div class=\"wpr-grid-item-read-more elementor-repeater-item-357342b wpr-grid-item-display-block wpr-grid-item-align-left\"><div class=\"inner-block\"><a target=\"_self\" href=\"https:\/\/casaverdesantamarta.com\/en\/2025\/03\/17\/colombia-el-pais-de-los-1000-ritmos\/\" class=\"wpr-button-effect wpr-button-none\"><span>LEER M\u00c1S<\/span><\/a><\/div><\/div><\/div><\/div><\/article><article class=\"wpr-grid-item elementor-clearfix post-1109 post type-post status-publish format-standard has-post-thumbnail hentry category-blog tag-hotel-casa-verde tag-playa tag-santa-marta tag-vacaciones\"><div class=\"wpr-grid-item-inner\"><div class=\"wpr-grid-media-wrap wpr-effect-size-large \" data-overlay-link=\"yes\"><div class=\"wpr-grid-image-wrap\" data-src=\"https:\/\/casaverdesantamarta.com\/wp-content\/uploads\/2025\/03\/blog-001.png\" data-img-on-hover=\"\"  data-src-secondary=\"\"><img decoding=\"async\" data-no-lazy=\"1\" src=\"https:\/\/casaverdesantamarta.com\/wp-content\/uploads\/2025\/03\/blog-001.png\" alt=\"Historia de Santa Marta la perla de Am\u00e9rica\" class=\"wpr-anim-timing-ease-default\"><\/div><div class=\"wpr-grid-media-hover wpr-animation-wrap\"><div class=\"wpr-grid-media-hover-bg  wpr-overlay-fade-in wpr-anim-size-large wpr-anim-timing-ease-default wpr-anim-transparency\" data-url=\"https:\/\/casaverdesantamarta.com\/en\/2025\/03\/13\/historia-de-santa-marta-la-perla-de-america\/\"><\/div><\/div><\/div><div class=\"wpr-grid-item-below-content elementor-clearfix\"><h2 class=\"wpr-grid-item-title elementor-repeater-item-53f5c5b wpr-grid-item-display-block wpr-grid-item-align-left wpr-pointer-none wpr-pointer-line-fx wpr-pointer-fx-fade\"><div class=\"inner-block\"><a target=\"_self\"  href=\"https:\/\/casaverdesantamarta.com\/en\/2025\/03\/13\/historia-de-santa-marta-la-perla-de-america\/\">Historia de Santa Marta la perla de Am\u00e9rica<\/a><\/div><\/h2><div class=\"wpr-grid-item-read-more elementor-repeater-item-357342b wpr-grid-item-display-block wpr-grid-item-align-left\"><div class=\"inner-block\"><a target=\"_self\" href=\"https:\/\/casaverdesantamarta.com\/en\/2025\/03\/13\/historia-de-santa-marta-la-perla-de-america\/\" class=\"wpr-button-effect wpr-button-none\"><span>LEER M\u00c1S<\/span><\/a><\/div><\/div><\/div><\/div><\/article><\/section>\t\t\t\t<\/div>\n\t\t\t\t<\/div>\n\t\t\t\t<\/div>\n\t\t<div class=\"elementor-element elementor-element-80504ca e-flex e-con-boxed wpr-particle-no wpr-jarallax-no wpr-parallax-no wpr-sticky-section-no e-con e-parent\" data-id=\"80504ca\" data-element_type=\"container\" data-e-type=\"container\">\n\t\t\t\t\t<div class=\"e-con-inner\">\n\t\t\t\t<div class=\"elementor-element elementor-element-a235471 elementor-widget elementor-widget-spacer\" data-id=\"a235471\" data-element_type=\"widget\" data-e-type=\"widget\" data-widget_type=\"spacer.default\">\n\t\t\t\t<div class=\"elementor-widget-container\">\n\t\t\t\t\t\t\t<div class=\"elementor-spacer\">\n\t\t\t<div class=\"elementor-spacer-inner\"><\/div>\n\t\t<\/div>\n\t\t\t\t\t\t<\/div>\n\t\t\t\t<\/div>\n\t\t\t\t\t<\/div>\n\t\t\t\t<\/div>\n\t\t\t\t<\/div>\n\t\t","protected":false},"excerpt":{"rendered":"<p>Blog Noticias, informaci\u00f3n y curiosidades de nuestro territorio All Posts Blog Hotel boutique casa verde LEER M\u00c1S Orgullo colombiano LEER M\u00c1S Lugares imperdibles del centro historico LEER M\u00c1S Colombia el pa\u00eds de los 1000 ritmos\u00a0\u00a0 LEER M\u00c1S Historia de Santa Marta la perla de Am\u00e9rica LEER M\u00c1S<\/p>","protected":false},"author":1,"featured_media":0,"parent":0,"menu_order":0,"comment_status":"closed","ping_status":"closed","template":"","meta":{"footnotes":""},"class_list":["post-1151","page","type-page","status-publish","hentry"],"_links":{"self":[{"href":"https:\/\/casaverdesantamarta.com\/en\/wp-json\/wp\/v2\/pages\/1151","targetHints":{"allow":["GET"]}}],"collection":[{"href":"https:\/\/casaverdesantamarta.com\/en\/wp-json\/wp\/v2\/pages"}],"about":[{"href":"https:\/\/casaverdesantamarta.com\/en\/wp-json\/wp\/v2\/types\/page"}],"author":[{"embeddable":true,"href":"https:\/\/casaverdesantamarta.com\/en\/wp-json\/wp\/v2\/users\/1"}],"replies":[{"embeddable":true,"href":"https:\/\/casaverdesantamarta.com\/en\/wp-json\/wp\/v2\/comments?post=1151"}],"version-history":[{"count":31,"href":"https:\/\/casaverdesantamarta.com\/en\/wp-json\/wp\/v2\/pages\/1151\/revisions"}],"predecessor-version":[{"id":1320,"href":"https:\/\/casaverdesantamarta.com\/en\/wp-json\/wp\/v2\/pages\/1151\/revisions\/1320"}],"wp:attachment":[{"href":"https:\/\/casaverdesantamarta.com\/en\/wp-json\/wp\/v2\/media?parent=1151"}],"curies":[{"name":"wp","href":"https:\/\/api.w.org\/{rel}","templated":true}]}}